{"id":2316,"date":"2018-10-10T00:10:02","date_gmt":"2018-10-09T22:10:02","guid":{"rendered":"https:\/\/defeorestauri.com\/?page_id=2316\/"},"modified":"2020-04-21T10:48:08","modified_gmt":"2020-04-21T08:48:08","slug":"privacy-policy","status":"publish","type":"page","link":"https:\/\/defeorestauri.com\/en\/privacy-policy\/","title":{"rendered":"Privacy Policy"},"content":{"rendered":"\n\n  <div class=\"banner has-hover has-parallax\" id=\"banner-624182567\">\n          <div class=\"banner-inner fill\">\n        <div class=\"banner-bg fill\" data-parallax=\"-2\" data-parallax-container=\".banner\" data-parallax-background>\n            <div class=\"bg fill bg-fill \"><\/div>\n                        <div class=\"overlay\"><\/div>            \n                    <\/div>\n\t\t\n        <div class=\"banner-layers container\">\n            <div class=\"fill banner-link\"><\/div>            \n\n   <div id=\"text-box-238489285\" class=\"text-box banner-layer x50 md-x50 lg-x50 y50 md-y50 lg-y50 res-text\">\n                                <div class=\"text-box-content text \">\n              \n              <div class=\"text-inner text-center\">\n                  \n\n<h3 class=\"uppercase\"><strong>Privacy policy<\/strong><\/h3>\n<div class=\"is-divider divider clearfix\" style=\"max-width:67px;height:5px;\"><\/div>\n\n\n              <\/div>\n           <\/div>\n                            \n<style>\n#text-box-238489285 {\n  width: 60%;\n}\n#text-box-238489285 .text-box-content {\n  font-size: 100%;\n}\n<\/style>\n    <\/div>\n \n\n        <\/div>\n      <\/div>\n\n            \n<style>\n#banner-624182567 {\n  padding-top: 200px;\n}\n#banner-624182567 .bg.bg-loaded {\n  background-image: url(https:\/\/defeorestauri.com\/wp-content\/uploads\/2016\/08\/dummy-2.jpg);\n}\n#banner-624182567 .overlay {\n  background-color: rgba(255, 255, 255, 0.87);\n}\n#banner-624182567 .bg {\n  background-position: 80% 19%;\n}\n#banner-624182567 .ux-shape-divider--top svg {\n  height: 150px;\n  --divider-top-width: 100%;\n}\n#banner-624182567 .ux-shape-divider--bottom svg {\n  height: 150px;\n  --divider-width: 100%;\n}\n<\/style>\n  <\/div>\n\n\n<div class=\"row\"  id=\"row-2134469309\">\n\n\n\t<div id=\"col-604927522\" class=\"col small-12 large-12\"  >\n\t\t\t\t<div class=\"col-inner\"  >\n\t\t\t\n\t\t\t\n\n<p>Impresa Antonio De Feo , con sede in Via Eurialo, 72 Roma (RM), CF e P.Iva 08082080584 (in seguito, \u201cTitolare\u201d), in qualit\u00e0 di titolare del trattamento, Ti informa ai sensi dell\u2019art. 13 D.Lgs. 30.6.2003 n. 196 (in seguito, \u201cCodice Privacy\u201d) e dell\u2019art. 13 Regolamento UE n. 2016\/679 (in seguito, \u201cGDPR\u201d) che i Tuoi dati saranno trattati con le modalit\u00e0 e per le finalit\u00e0 seguenti:<\/p>\n<p><strong>1. Oggetto del trattamento<\/strong><br>\nIl Titolare tratta i dati personali, identificativi e non sensibili (in particolare, nome, cognome, codice fiscale, p. iva, email, numero telefonico \u2013 in seguito, \u201cdati personali\u201d o anche \u201cdati\u201d) da Te comunicati in fase di registrazione al sito web del Titolare e\/o all\u2019atto dell\u2019iscrizione al servizio di newsletter offerto dal Titolare oppure alla compilazione del form di contatti o richiesta preventivo.<\/p>\n<p><strong>2. Finalit\u00e0 del trattamento<br>\n<\/strong>I Tuoi dati personali sono trattati:<br>\nA) senza il Tuo consenso espresso (art. 24 lett. a, b, c Codice Privacy e art. 6 lett. b, e GDPR), per le seguenti Finalit\u00e0 di Servizio:<br>\n\u2013 permettere di registrarTi al sito web;<br>\n\u2013 gestire e mantenere il sito web;<br>\n\u2013 permetterti l\u2019iscrizione al servizio di newsletter fornito dal Titolare e degli ulteriori Servizi eventualmente da Te richiesti;<br>\n\u2013 adempiere agli obblighi precontrattuali, contrattuali e fiscali derivanti da rapporti con Te in essere;<br>\n\u2013 adempiere agli obblighi previsti dalla legge, da un regolamento, dalla normativa comunitaria o da un ordine dell\u2019Autorit\u00e0;<br>\n\u2013 prevenire o scoprire attivit\u00e0 fraudolente o abusi dannosi per il sito web;<br>\n\u2013 esercitare i diritti del Titolare, ad esempio il diritto di difesa in giudizio.<br>\nB) Solo previo Tuo specifico e distinto consenso (artt. 23 e 130 Codice Privacy e art. 7 GDPR), per le seguenti Finalit\u00e0 di Marketing:<br>\n\u2013 inviarTi via email newsletter, comunicazioni commerciali e\/o materiale pubblicitario su prodotti o servizi offerti dal Titolare<br>\nTi segnaliamo che se sei gi\u00e0 nostro cliente, potremo inviarTi comunicazioni commerciali relative a servizi e prodotti del Titolare analoghi a quelli di cui hai gi\u00e0 usufruito, salvo tuo dissenso (art. 130 c. 4 Codice Privacy).<br>\n<strong><br>\n3. Modalit\u00e0 del trattamento<\/strong><br>\nIl trattamento dei Tuoi dati personali \u00e8 realizzato per mezzo delle operazioni indicate all\u2019art. 4 Codice Privacy e all\u2019art. 4 n. 2) GDPR e precisamente: raccolta, registrazione, organizzazione, conservazione, consultazione, elaborazione, modificazione, selezione, estrazione, raffronto, utilizzo, interconnessione, blocco, comunicazione, cancellazione e distruzione dei dati. I Tuoi dati personali sono sottoposti a trattamento sia cartaceo che elettronico e\/o automatizzato.<br>\nIl Titolare tratter\u00e0 i dati personali per il tempo necessario per adempiere alle finalit\u00e0 di cui sopra e comunque per non oltre 10 anni dalla cessazione del rapporto per le Finalit\u00e0 di Servizio e per non oltre 2 anni dalla raccolta dei dati per le Finalit\u00e0 di Marketing.<\/p>\n<p><strong>4. Accesso ai dati<\/strong><br>\nI Tuoi dati potranno essere resi accessibili per le finalit\u00e0 di cui all\u2019art. 2.A) e 2.B):<br>\n\u2013 a dipendenti e collaboratori del Titolare, nella loro qualit\u00e0 di incaricati e\/o responsabili interni del trattamento e\/o amministratori di sistema;<br>\n\u2013 a terzi soggetti (ad esempio, provider per la gestione e manutenzione del sito web, fornitori, istituti di credito, studi professionali, etc) che svolgono attivit\u00e0 in outsourcing per conto del Titolare, nella loro qualit\u00e0 di responsabili esterni del trattamento.<br>\n<strong><br>\n5. Comunicazione dei dati<\/strong><br>\nSenza Tuo espresso consenso (ex art. 24 lett. a), b), d) Codice Privacy e art. 6 lett. b) e c) GDPR), il Titolare potr\u00e0 comunicare i Tuoi dati per le finalit\u00e0 di cui all\u2019art. 2.A) a Organismi di vigilanza, Autorit\u00e0 giudiziarie nonch\u00e9 a tutti gli altri soggetti ai quali la comunicazione sia obbligatoria per legge per l\u2019espletamento delle finalit\u00e0 dette. I Tuoi dati non saranno diffusi.<\/p>\n<p><strong>6. Trasferimento dati<br>\n<\/strong>La gestione e la conservazione dei dati personali avverr\u00e0 su server ubicati all\u2019interno dell\u2019Unione Europea del Titolare e\/o di societ\u00e0 terze incaricate e debitamente nominate quali Responsabili del trattamento. Attualmente i server sono situati in Europa. I dati non saranno oggetto di trasferimento al di fuori dell\u2019Unione Europea. Resta in ogni caso inteso che il Titolare, ove si rendesse necessario, avr\u00e0 facolt\u00e0 di spostare l\u2019ubicazione dei server in Italia e\/o Unione Europea e\/o Paesi extra-UE. In tal caso, il Titolare assicura sin d\u2019ora che il trasferimento dei dati extra-UE avverr\u00e0 in conformit\u00e0 alle disposizioni di legge applicabili stipulando, se necessario, accordi che garantiscano un livello di protezione adeguato e\/o adottando le clausole contrattuali standard previste dalla Commissione Europea.<br>\n<strong><br>\n7. Natura del conferimento dei dati e conseguenze del rifiuto di rispondere<\/strong><br>\nIl conferimento dei dati per le finalit\u00e0 di cui all\u2019art. 2.A) \u00e8 obbligatorio. In loro assenza, non potremo garantirti n\u00e9 la registrazione al sito n\u00e9 i Servizi dell\u2019art. 2.A).<br>\nIl conferimento dei dati per le finalit\u00e0 di cui all\u2019art. 2.B) \u00e8 invece facoltativo. Puoi quindi decidere di non conferire alcun dato o di negare successivamente la possibilit\u00e0 di trattare dati gi\u00e0 forniti: in tal caso, non potrai ricevere newsletter, comunicazioni commerciali e materiale pubblicitario inerenti ai Servizi offerti dal Titolare. In ogni caso continuerai ad avere diritto ai Servizi di cui all\u2019art. 2.A).<\/p>\n<p><strong>8. Diritti dell\u2019interessato <\/strong><br>\nNella Tua qualit\u00e0 di interessato, hai i diritti di cui all\u2019art. 7 Codice Privacy e art. 15 GDPR e precisamente i diritti di:<br>\ni. ottenere la conferma dell\u2019esistenza o meno di dati personali che Ti riguardano, anche se non ancora registrati, e la loro comunicazione in forma intelligibile;<br>\nii. ottenere l\u2019indicazione: a) dell\u2019origine dei dati personali; b) delle finalit\u00e0 e modalit\u00e0 del trattamento; c) della logica applicata in caso di trattamento effettuato con l\u2019ausilio di strumenti elettronici; d) degli estremi identificativi del titolare, dei responsabili e del rappresentante designato ai sensi dell\u2019art. 5, comma 2 Codice Privacy e art. 3, comma 1, GDPR; e) dei soggetti o delle categorie di soggetti ai quali i dati personali possono essere comunicati o che possono venirne a conoscenza in qualit\u00e0 di rappresentante designato nel territorio dello Stato, di responsabili o incaricati;<br>\niii. ottenere: a) l\u2019aggiornamento, la rettificazione ovvero, quando vi hai interesse, l\u2019integrazione dei dati; b) la cancellazione, la trasformazione in forma anonima o il blocco dei dati trattati in violazione di legge, compresi quelli di cui non \u00e8 necessaria la conservazione in relazione agli scopi per i quali i dati sono stati raccolti o successivamente trattati; c) l\u2019attestazione che le operazioni di cui alle lettere a) e b) sono state portate a conoscenza, anche per quanto riguarda il loro contenuto, di coloro ai quali i dati sono stati comunicati o diffusi, eccettuato il caso in cui tale adempimento si rivela impossibile o comporta un impiego di mezzi manifestamente sproporzionato rispetto al diritto tutelato;<br>\niv. opporsi, in tutto o in parte: a) per motivi legittimi al trattamento dei dati personali che Ti riguardano, ancorch\u00e9 pertinenti allo scopo della raccolta; b) al trattamento di dati personali che Ti riguardano a fini di invio di materiale pubblicitario o di vendita diretta o per il compimento di ricerche di mercato o di comunicazione commerciale, mediante l\u2019uso di sistemi automatizzati di chiamata senza l\u2019intervento di un operatore mediante email e\/o mediante modalit\u00e0 di marketing tradizionali mediante telefono e\/o posta cartacea. Si fa presente che il diritto di opposizione dell\u2019interessato, esposto al precedente punto b), per finalit\u00e0 di marketing diretto mediante modalit\u00e0 automatizzate si estende a quelle tradizionali e che comunque resta salva la possibilit\u00e0 per l\u2019interessato di esercitare il diritto di opposizione anche solo in parte. Pertanto, l\u2019interessato pu\u00f2 decidere di ricevere solo comunicazioni mediante modalit\u00e0 tradizionali ovvero solo comunicazioni automatizzate oppure nessuna delle due tipologie di comunicazione.<br>\nOve applicabili, hai altres\u00ec i diritti di cui agli artt. 16-21 GDPR (Diritto di rettifica, diritto all\u2019oblio, diritto di limitazione di trattamento, diritto alla portabilit\u00e0 dei dati, diritto di opposizione), nonch\u00e9 il diritto di reclamo all\u2019Autorit\u00e0 Garante.<\/p>\n<p><strong>9. Modalit\u00e0 di esercizio dei diritti<\/strong><br>\nPotrai in qualsiasi momento esercitare i diritti inviando:<br>\n\u2013 una raccomandata a.r. a Impresa Antonio De Feo , con sede in Via Eurialo, 72 Roma (RM);<br>\n\u2013 una e-mail all\u2019indirizzo info@defeorestauri.com<\/p>\n<p><strong>10. Minori<\/strong><br>\nQuesto Sito e i Servizi del Titolare non sono destinati a minori di 18 anni e il Titolare non raccoglie intenzionalmente informazioni personali riferite ai minori. Nel caso in cui informazioni su minori fossero involontariamente registrate, il Titolare le canceller\u00e0 in modo tempestivo, su richiesta degli utenti.<\/p>\n<p><strong>11. Titolare, responsabile e incaricati<\/strong><br>\nIl Titolare del trattamento \u00e8 Da Feo Antonio<br>\nL\u2019elenco aggiornato dei responsabili e degli incaricati al trattamento \u00e8 custodito presso la sede del Titolare del trattamento.<\/p>\n<p><strong>12. Modifiche alla presente Informativa<br>\n<\/strong>La presente Informativa pu\u00f2 subire variazioni. Si consiglia, quindi, di controllare regolarmente questa Informativa e di riferirsi alla versione pi\u00f9 aggiornata.<\/p>\n\n\t\t<\/div>\n\t\t\t\t\t<\/div>\n\n\t\n\n<\/div>\n","protected":false},"excerpt":{"rendered":"","protected":false},"author":1,"featured_media":0,"parent":0,"menu_order":0,"comment_status":"closed","ping_status":"open","template":"page-blank.php","meta":{"footnotes":""},"yoast_head":"<!-- This site is optimized with the Yoast SEO plugin v19.2 - https:\/\/yoast.com\/wordpress\/plugins\/seo\/ -->\n<title>Privacy Policy - Gruppo De Feo Restauri - Roma<\/title>\n<meta name=\"robots\" content=\"index, follow, max-snippet:-1, max-image-preview:large, max-video-preview:-1\" \/>\n<link rel=\"canonical\" href=\"https:\/\/defeorestauri.com\/en\/privacy-policy\/\" \/>\n<meta property=\"og:locale\" content=\"en_US\" \/>\n<meta property=\"og:type\" content=\"article\" \/>\n<meta property=\"og:title\" content=\"Privacy Policy - Gruppo De Feo Restauri - Roma\" \/>\n<meta property=\"og:url\" content=\"https:\/\/defeorestauri.com\/en\/privacy-policy\/\" \/>\n<meta property=\"og:site_name\" content=\"Gruppo De Feo Restauri - Roma\" \/>\n<meta property=\"article:publisher\" content=\"https:\/\/www.facebook.com\/De-Feo-Restauri-1510300345780558\/\" \/>\n<meta property=\"article:modified_time\" content=\"2020-04-21T08:48:08+00:00\" \/>\n<meta name=\"author\" content=\"giovanni\" \/>\n<meta name=\"twitter:card\" content=\"summary_large_image\" \/>\n<meta name=\"twitter:site\" content=\"@defeorestauri\" \/>\n<meta name=\"twitter:label1\" content=\"Est. reading time\" \/>\n\t<meta name=\"twitter:data1\" content=\"7 minutes\" \/>\n<script type=\"application\/ld+json\" class=\"yoast-schema-graph\">{\"@context\":\"https:\/\/schema.org\",\"@graph\":[{\"@type\":\"Organization\",\"@id\":\"https:\/\/defeorestauri.com\/#organization\",\"name\":\"Gruppo De Feo Restauri\",\"url\":\"https:\/\/defeorestauri.com\/\",\"sameAs\":[\"https:\/\/www.youtube.com\/channel\/UC0jGTpNIHcNBb5zDZku8FcA\",\"https:\/\/www.facebook.com\/De-Feo-Restauri-1510300345780558\/\",\"https:\/\/twitter.com\/defeorestauri\"],\"logo\":{\"@type\":\"ImageObject\",\"inLanguage\":\"en-US\",\"@id\":\"https:\/\/defeorestauri.com\/#\/schema\/logo\/image\/\",\"url\":\"https:\/\/defeorestauri.com\/wp-content\/uploads\/2019\/09\/logo-de-feo-1.jpg\",\"contentUrl\":\"https:\/\/defeorestauri.com\/wp-content\/uploads\/2019\/09\/logo-de-feo-1.jpg\",\"width\":400,\"height\":119,\"caption\":\"Gruppo De Feo Restauri\"},\"image\":{\"@id\":\"https:\/\/defeorestauri.com\/#\/schema\/logo\/image\/\"}},{\"@type\":\"WebSite\",\"@id\":\"https:\/\/defeorestauri.com\/#website\",\"url\":\"https:\/\/defeorestauri.com\/\",\"name\":\"Gruppo De Feo Restauri - Roma\",\"description\":\"\",\"publisher\":{\"@id\":\"https:\/\/defeorestauri.com\/#organization\"},\"potentialAction\":[{\"@type\":\"SearchAction\",\"target\":{\"@type\":\"EntryPoint\",\"urlTemplate\":\"https:\/\/defeorestauri.com\/?s={search_term_string}\"},\"query-input\":\"required name=search_term_string\"}],\"inLanguage\":\"en-US\"},{\"@type\":\"WebPage\",\"@id\":\"https:\/\/defeorestauri.com\/en\/privacy-policy\/#webpage\",\"url\":\"https:\/\/defeorestauri.com\/en\/privacy-policy\/\",\"name\":\"Privacy Policy - Gruppo De Feo Restauri - Roma\",\"isPartOf\":{\"@id\":\"https:\/\/defeorestauri.com\/#website\"},\"datePublished\":\"2018-10-09T22:10:02+00:00\",\"dateModified\":\"2020-04-21T08:48:08+00:00\",\"breadcrumb\":{\"@id\":\"https:\/\/defeorestauri.com\/en\/privacy-policy\/#breadcrumb\"},\"inLanguage\":\"en-US\",\"potentialAction\":[{\"@type\":\"ReadAction\",\"target\":[\"https:\/\/defeorestauri.com\/en\/privacy-policy\/\"]}]},{\"@type\":\"BreadcrumbList\",\"@id\":\"https:\/\/defeorestauri.com\/en\/privacy-policy\/#breadcrumb\",\"itemListElement\":[{\"@type\":\"ListItem\",\"position\":1,\"name\":\"Home\",\"item\":\"https:\/\/defeorestauri.com\/en\/\"},{\"@type\":\"ListItem\",\"position\":2,\"name\":\"Privacy Policy\"}]}]}<\/script>\n<!-- \/ Yoast SEO plugin. -->","yoast_head_json":{"title":"Privacy Policy - Gruppo De Feo Restauri - Roma","robots":{"index":"index","follow":"follow","max-snippet":"max-snippet:-1","max-image-preview":"max-image-preview:large","max-video-preview":"max-video-preview:-1"},"canonical":"https:\/\/defeorestauri.com\/en\/privacy-policy\/","og_locale":"en_US","og_type":"article","og_title":"Privacy Policy - Gruppo De Feo Restauri - Roma","og_url":"https:\/\/defeorestauri.com\/en\/privacy-policy\/","og_site_name":"Gruppo De Feo Restauri - Roma","article_publisher":"https:\/\/www.facebook.com\/De-Feo-Restauri-1510300345780558\/","article_modified_time":"2020-04-21T08:48:08+00:00","author":"giovanni","twitter_card":"summary_large_image","twitter_site":"@defeorestauri","twitter_misc":{"Est. reading time":"7 minutes"},"schema":{"@context":"https:\/\/schema.org","@graph":[{"@type":"Organization","@id":"https:\/\/defeorestauri.com\/#organization","name":"Gruppo De Feo Restauri","url":"https:\/\/defeorestauri.com\/","sameAs":["https:\/\/www.youtube.com\/channel\/UC0jGTpNIHcNBb5zDZku8FcA","https:\/\/www.facebook.com\/De-Feo-Restauri-1510300345780558\/","https:\/\/twitter.com\/defeorestauri"],"logo":{"@type":"ImageObject","inLanguage":"en-US","@id":"https:\/\/defeorestauri.com\/#\/schema\/logo\/image\/","url":"https:\/\/defeorestauri.com\/wp-content\/uploads\/2019\/09\/logo-de-feo-1.jpg","contentUrl":"https:\/\/defeorestauri.com\/wp-content\/uploads\/2019\/09\/logo-de-feo-1.jpg","width":400,"height":119,"caption":"Gruppo De Feo Restauri"},"image":{"@id":"https:\/\/defeorestauri.com\/#\/schema\/logo\/image\/"}},{"@type":"WebSite","@id":"https:\/\/defeorestauri.com\/#website","url":"https:\/\/defeorestauri.com\/","name":"Gruppo De Feo Restauri - Roma","description":"","publisher":{"@id":"https:\/\/defeorestauri.com\/#organization"},"potentialAction":[{"@type":"SearchAction","target":{"@type":"EntryPoint","urlTemplate":"https:\/\/defeorestauri.com\/?s={search_term_string}"},"query-input":"required name=search_term_string"}],"inLanguage":"en-US"},{"@type":"WebPage","@id":"https:\/\/defeorestauri.com\/en\/privacy-policy\/#webpage","url":"https:\/\/defeorestauri.com\/en\/privacy-policy\/","name":"Privacy Policy - Gruppo De Feo Restauri - Roma","isPartOf":{"@id":"https:\/\/defeorestauri.com\/#website"},"datePublished":"2018-10-09T22:10:02+00:00","dateModified":"2020-04-21T08:48:08+00:00","breadcrumb":{"@id":"https:\/\/defeorestauri.com\/en\/privacy-policy\/#breadcrumb"},"inLanguage":"en-US","potentialAction":[{"@type":"ReadAction","target":["https:\/\/defeorestauri.com\/en\/privacy-policy\/"]}]},{"@type":"BreadcrumbList","@id":"https:\/\/defeorestauri.com\/en\/privacy-policy\/#breadcrumb","itemListElement":[{"@type":"ListItem","position":1,"name":"Home","item":"https:\/\/defeorestauri.com\/en\/"},{"@type":"ListItem","position":2,"name":"Privacy Policy"}]}]}},"_links":{"self":[{"href":"https:\/\/defeorestauri.com\/en\/wp-json\/wp\/v2\/pages\/2316"}],"collection":[{"href":"https:\/\/defeorestauri.com\/en\/wp-json\/wp\/v2\/pages"}],"about":[{"href":"https:\/\/defeorestauri.com\/en\/wp-json\/wp\/v2\/types\/page"}],"author":[{"embeddable":true,"href":"https:\/\/defeorestauri.com\/en\/wp-json\/wp\/v2\/users\/1"}],"replies":[{"embeddable":true,"href":"https:\/\/defeorestauri.com\/en\/wp-json\/wp\/v2\/comments?post=2316"}],"version-history":[{"count":3,"href":"https:\/\/defeorestauri.com\/en\/wp-json\/wp\/v2\/pages\/2316\/revisions"}],"predecessor-version":[{"id":2319,"href":"https:\/\/defeorestauri.com\/en\/wp-json\/wp\/v2\/pages\/2316\/revisions\/2319"}],"wp:attachment":[{"href":"https:\/\/defeorestauri.com\/en\/wp-json\/wp\/v2\/media?parent=2316"}],"curies":[{"name":"wp","href":"https:\/\/api.w.org\/{rel}","templated":true}]}}